{"id":4086,"date":"2020-02-26T09:29:50","date_gmt":"2020-02-26T09:29:50","guid":{"rendered":"http:\/\/wp-uphome.astroon.pro\/?page_id=4086"},"modified":"2023-10-18T12:37:53","modified_gmt":"2023-10-18T10:37:53","slug":"services-2","status":"publish","type":"page","link":"https:\/\/onity.gic.tn\/?page_id=4086","title":{"rendered":"Produit"},"content":{"rendered":"\t\t<div data-elementor-type=\"wp-page\" data-elementor-id=\"4086\" class=\"elementor elementor-4086\">\n\t\t\t\t\t\t\t\t\t<section class=\"elementor-section elementor-top-section elementor-element elementor-element-9e6679b elementor-section-boxed elementor-section-height-default elementor-section-height-default astroon-bg-container\" data-id=\"9e6679b\" data-element_type=\"section\">\n\t\t\t\t\t\t<div class=\"elementor-container elementor-column-gap-default\">\n\t\t\t\t\t<div class=\"elementor-column elementor-col-100 elementor-top-column elementor-element elementor-element-9edca29\" data-id=\"9edca29\" data-element_type=\"column\">\n\t\t\t<div class=\"elementor-widget-wrap\">\n\t\t\t\t\t\t\t\t\t<\/div>\n\t\t<\/div>\n\t\t\t\t\t\t\t<\/div>\n\t\t<\/section>\n\t\t\t\t<section class=\"elementor-section elementor-top-section elementor-element elementor-element-605a4d9 elementor-section-full_width elementor-section-height-default elementor-section-height-default astroon-bg-container\" data-id=\"605a4d9\" data-element_type=\"section\" data-settings=\"{&quot;background_background&quot;:&quot;video&quot;,&quot;background_video_link&quot;:&quot;https:\\\/\\\/vimeo.com\\\/188654636&quot;}\">\n\t\t\t\t\t\t\t\t<div class=\"elementor-background-video-container elementor-hidden-phone\">\n\t\t\t\t\t\t\t\t\t\t\t\t\t<div class=\"elementor-background-video-embed\"><\/div>\n\t\t\t\t\t\t\t\t\t\t\t\t<\/div>\n\t\t\t\t\t\t\t\t\t<div class=\"elementor-background-overlay\"><\/div>\n\t\t\t\t\t\t\t<div class=\"elementor-container elementor-column-gap-default\">\n\t\t\t\t\t<div class=\"elementor-column elementor-col-100 elementor-top-column elementor-element elementor-element-50c3925\" data-id=\"50c3925\" data-element_type=\"column\">\n\t\t\t<div class=\"elementor-widget-wrap elementor-element-populated\">\n\t\t\t\t\t\t\t\t<div class=\"elementor-element elementor-element-c85cb60 elementor-widget elementor-widget-title_uphome\" data-id=\"c85cb60\" data-element_type=\"widget\" data-widget_type=\"title_uphome.default\">\n\t\t\t\t<div class=\"elementor-widget-container\">\n\t\t\t\n\t\t\t<div class=\"head_block center_flex\">\n\t\t\t\t\t\t\t\t<div class=\"b_d\">\n\t\t\t\t\t\t\t\t<h1 data-lax-preset_large=\"zoomIn-0.9\">Informations sur le produit<\/h1>                \t\t\t\t<p>Pour plus d'informations sur les serrures Serene\u2122, effectuez une visite vid\u00e9o, t\u00e9l\u00e9chargez la fiche technique et la brochure, et prenez contact avec nous via notre formulaire de contact.<\/p>\t\t\t\t<\/div>\n            <\/div>\n\n    \t\t<\/div>\n\t\t\t\t<\/div>\n\t\t\t\t<div class=\"elementor-element elementor-element-997fe75 elementor-align-center elementor-widget elementor-widget-button_uphome\" data-id=\"997fe75\" data-element_type=\"widget\" data-widget_type=\"button_uphome.default\">\n\t\t\t\t<div class=\"elementor-widget-container\">\n\t\t\t\t\t\t<a class=\"flaticon-play-button\" data-fancybox=\"data-fancybox\" href=\"https:\/\/www.youtube.com\/watch?v=C95df-opUTM\" data-width=\"1340\" data-height=\"760\"><\/a>\n\n\t\t\t<\/div>\n\t\t\t\t<\/div>\n\t\t\t\t\t<\/div>\n\t\t<\/div>\n\t\t\t\t\t\t\t<\/div>\n\t\t<\/section>\n\t\t\t\t<section class=\"elementor-section elementor-top-section elementor-element elementor-element-149b4db9 elementor-section-boxed elementor-section-height-default elementor-section-height-default astroon-bg-container\" data-id=\"149b4db9\" data-element_type=\"section\">\n\t\t\t\t\t\t<div class=\"elementor-container elementor-column-gap-default\">\n\t\t\t\t\t<div class=\"elementor-column elementor-col-25 elementor-top-column elementor-element elementor-element-c921cb7\" data-id=\"c921cb7\" data-element_type=\"column\">\n\t\t\t<div class=\"elementor-widget-wrap elementor-element-populated\">\n\t\t\t\t\t\t\t\t<div class=\"elementor-element elementor-element-7729e587 elementor-widget elementor-widget-info_block_uphome\" data-id=\"7729e587\" data-element_type=\"widget\" data-widget_type=\"info_block_uphome.default\">\n\t\t\t\t<div class=\"elementor-widget-container\">\n\t\t\t            <div class=\"info_block left_flex style_two center_mobile_responsive\" >\n\t\t\t\t<div class=\"num_b\">\n\n\t\t\t\t<!-- Image Type -->\n\t\t\t\t<i aria-hidden=\"true\" class=\"far fa-folder-open\"><\/i>\n\t\t\t\t<\/div>\n\t\t\t\t<div class=\"content_text_block\">\n\t\t\t\t\t\t\t\t\t\t\t<h4>Catalogue<\/h4>\t\t\t\t\t\t\t\t\t\t<!-- Description Block -->\n\t\t\t\t\t\t\t\t\t\t\t<p><a href=\"http:\/\/onity.gic.tn\/wp-content\/uploads\/2023\/08\/Onity_Brochure_FR.pdf\" target=\"_blank\" rel=\"noopener\">Onity_Brochure_FR<\/a><\/p>\t\t\t\t\t\t\t\t\t<\/div>\n            <\/div>\n\n    \t\t<\/div>\n\t\t\t\t<\/div>\n\t\t\t\t\t<\/div>\n\t\t<\/div>\n\t\t\t\t<div class=\"elementor-column elementor-col-25 elementor-top-column elementor-element elementor-element-456cbdba\" data-id=\"456cbdba\" data-element_type=\"column\">\n\t\t\t<div class=\"elementor-widget-wrap elementor-element-populated\">\n\t\t\t\t\t\t\t\t<div class=\"elementor-element elementor-element-15969e16 elementor-widget elementor-widget-info_block_uphome\" data-id=\"15969e16\" data-element_type=\"widget\" data-widget_type=\"info_block_uphome.default\">\n\t\t\t\t<div class=\"elementor-widget-container\">\n\t\t\t            <div class=\"info_block left_flex style_two center_mobile_responsive\" >\n\t\t\t\t<div class=\"num_b\">\n\n\t\t\t\t<!-- Image Type -->\n\t\t\t\t<i aria-hidden=\"true\" class=\"icon icon-022-chair\"><\/i>\n\t\t\t\t<\/div>\n\t\t\t\t<div class=\"content_text_block\">\n\t\t\t\t\t\t\t\t\t\t\t<h4>DirectKey<\/h4>\t\t\t\t\t\t\t\t\t\t<!-- Description Block -->\n\t\t\t\t\t\t\t\t\t\t\t<p><a href=\"http:\/\/onity.gic.tn\/wp-content\/uploads\/2023\/08\/DirectKey_Brochure.pdf\" target=\"_blank\" rel=\"noopener\">DirectKey_Brochure<\/a><\/p>\t\t\t\t\t\t\t\t\t<\/div>\n            <\/div>\n\n    \t\t<\/div>\n\t\t\t\t<\/div>\n\t\t\t\t\t<\/div>\n\t\t<\/div>\n\t\t\t\t<div class=\"elementor-column elementor-col-25 elementor-top-column elementor-element elementor-element-5a0b8e62\" data-id=\"5a0b8e62\" data-element_type=\"column\">\n\t\t\t<div class=\"elementor-widget-wrap elementor-element-populated\">\n\t\t\t\t\t\t\t\t<div class=\"elementor-element elementor-element-9357cfd elementor-widget elementor-widget-info_block_uphome\" data-id=\"9357cfd\" data-element_type=\"widget\" data-widget_type=\"info_block_uphome.default\">\n\t\t\t\t<div class=\"elementor-widget-container\">\n\t\t\t            <div class=\"info_block left_flex style_two center_mobile_responsive\" >\n\t\t\t\t<div class=\"num_b\">\n\n\t\t\t\t<!-- Image Type -->\n\t\t\t\t<i aria-hidden=\"true\" class=\"far fa-file-alt\"><\/i>\n\t\t\t\t<\/div>\n\t\t\t\t<div class=\"content_text_block\">\n\t\t\t\t\t\t\t\t\t\t\t<h4>Fiche technique<\/h4>\t\t\t\t\t\t\t\t\t\t<!-- Description Block -->\n\t\t\t\t\t\t\t\t\t\t\t<p><a href=\"http:\/\/onity.gic.tn\/wp-content\/uploads\/2023\/08\/Onity_Serene_Data_Sheet_FR.pdf\" target=\"_blank\" rel=\"noopener\">Onity_Serene_Data_Sheet_FR<\/a><\/p>\t\t\t\t\t\t\t\t\t<\/div>\n            <\/div>\n\n    \t\t<\/div>\n\t\t\t\t<\/div>\n\t\t\t\t\t<\/div>\n\t\t<\/div>\n\t\t\t\t<div class=\"elementor-column elementor-col-25 elementor-top-column elementor-element elementor-element-4cc80fd4\" data-id=\"4cc80fd4\" data-element_type=\"column\">\n\t\t\t<div class=\"elementor-widget-wrap elementor-element-populated\">\n\t\t\t\t\t\t\t\t<div class=\"elementor-element elementor-element-70ccbf16 elementor-widget__width-initial elementor-widget elementor-widget-info_block_uphome\" data-id=\"70ccbf16\" data-element_type=\"widget\" data-widget_type=\"info_block_uphome.default\">\n\t\t\t\t<div class=\"elementor-widget-container\">\n\t\t\t            <div class=\"info_block left_flex style_two center_mobile_responsive\" >\n\t\t\t\t<div class=\"num_b\">\n\n\t\t\t\t<!-- Image Type -->\n\t\t\t\t<i aria-hidden=\"true\" class=\"fas fa-user-alt\"><\/i>\n\t\t\t\t<\/div>\n\t\t\t\t<div class=\"content_text_block\">\n\t\t\t\t\t\t\t\t\t\t\t<h4>Vente et assistance<\/h4>\t\t\t\t\t\t\t\t\t\t<!-- Description Block -->\n\t\t\t\t\t\t\t\t\t\t\t<p><a href=\"http:\/\/onity.gic.tn\/?page_id=13610\" target=\"_blank\" rel=\"noopener\">Contactez-nous en ligne<\/a><\/p>\t\t\t\t\t\t\t\t\t<\/div>\n            <\/div>\n\n    \t\t<\/div>\n\t\t\t\t<\/div>\n\t\t\t\t\t<\/div>\n\t\t<\/div>\n\t\t\t\t\t\t\t<\/div>\n\t\t<\/section>\n\t\t\t\t\t\t\t<\/div>\n\t\t","protected":false},"excerpt":{"rendered":"<p>Informations sur le produit Pour plus d&rsquo;informations sur les serrures Serene\u2122, effectuez une visite vid\u00e9o, t\u00e9l\u00e9chargez la fiche technique et la brochure, et prenez contact avec nous via notre formulaire de contact. Catalogue Onity_Brochure_FR DirectKey DirectKey_Brochure Fiche technique Onity_Serene_Data_Sheet_FR Vente et assistance Contactez-nous en ligne<\/p>\n","protected":false},"author":1,"featured_media":0,"parent":0,"menu_order":0,"comment_status":"closed","ping_status":"closed","template":"","meta":{"_mi_skip_tracking":false,"_monsterinsights_sitenote_active":false,"_monsterinsights_sitenote_note":"","_monsterinsights_sitenote_category":0,"footnotes":""},"class_list":["post-4086","page","type-page","status-publish","hentry"],"aioseo_notices":[],"acf":[],"yoast_head":"<!-- This site is optimized with the Yoast SEO plugin v21.3 - https:\/\/yoast.com\/wordpress\/plugins\/seo\/ -->\n<title>Produit - Onity<\/title>\n<meta name=\"robots\" content=\"index, follow, max-snippet:-1, max-image-preview:large, max-video-preview:-1\" \/>\n<link rel=\"canonical\" href=\"https:\/\/onity.gic.tn\/?page_id=4086\" \/>\n<meta property=\"og:locale\" content=\"fr_FR\" \/>\n<meta property=\"og:type\" content=\"article\" \/>\n<meta property=\"og:title\" content=\"Produit - Onity\" \/>\n<meta property=\"og:description\" content=\"Informations sur le produit Pour plus d&rsquo;informations sur les serrures Serene\u2122, effectuez une visite vid\u00e9o, t\u00e9l\u00e9chargez la fiche technique et la brochure, et prenez contact avec nous via notre formulaire de contact. Catalogue Onity_Brochure_FR DirectKey DirectKey_Brochure Fiche technique Onity_Serene_Data_Sheet_FR Vente et assistance Contactez-nous en ligne\" \/>\n<meta property=\"og:url\" content=\"https:\/\/onity.gic.tn\/?page_id=4086\" \/>\n<meta property=\"og:site_name\" content=\"Onity\" \/>\n<meta property=\"article:modified_time\" content=\"2023-10-18T10:37:53+00:00\" \/>\n<meta name=\"twitter:card\" content=\"summary_large_image\" \/>\n<meta name=\"twitter:label1\" content=\"Dur\u00e9e de lecture estim\u00e9e\" \/>\n\t<meta name=\"twitter:data1\" content=\"1 minute\" \/>\n<script type=\"application\/ld+json\" class=\"yoast-schema-graph\">{\"@context\":\"https:\/\/schema.org\",\"@graph\":[{\"@type\":\"WebPage\",\"@id\":\"https:\/\/onity.gic.tn\/?page_id=4086\",\"url\":\"https:\/\/onity.gic.tn\/?page_id=4086\",\"name\":\"Produit - Onity\",\"isPartOf\":{\"@id\":\"https:\/\/onity.gic.tn\/#website\"},\"datePublished\":\"2020-02-26T09:29:50+00:00\",\"dateModified\":\"2023-10-18T10:37:53+00:00\",\"breadcrumb\":{\"@id\":\"https:\/\/onity.gic.tn\/?page_id=4086#breadcrumb\"},\"inLanguage\":\"fr-FR\",\"potentialAction\":[{\"@type\":\"ReadAction\",\"target\":[\"https:\/\/onity.gic.tn\/?page_id=4086\"]}]},{\"@type\":\"BreadcrumbList\",\"@id\":\"https:\/\/onity.gic.tn\/?page_id=4086#breadcrumb\",\"itemListElement\":[{\"@type\":\"ListItem\",\"position\":1,\"name\":\"Accueil\",\"item\":\"https:\/\/onity.gic.tn\/\"},{\"@type\":\"ListItem\",\"position\":2,\"name\":\"Produit\"}]},{\"@type\":\"WebSite\",\"@id\":\"https:\/\/onity.gic.tn\/#website\",\"url\":\"https:\/\/onity.gic.tn\/\",\"name\":\"Onity\",\"description\":\"\",\"publisher\":{\"@id\":\"https:\/\/onity.gic.tn\/#organization\"},\"potentialAction\":[{\"@type\":\"SearchAction\",\"target\":{\"@type\":\"EntryPoint\",\"urlTemplate\":\"https:\/\/onity.gic.tn\/?s={search_term_string}\"},\"query-input\":\"required name=search_term_string\"}],\"inLanguage\":\"fr-FR\"},{\"@type\":\"Organization\",\"@id\":\"https:\/\/onity.gic.tn\/#organization\",\"name\":\"Onity\",\"url\":\"https:\/\/onity.gic.tn\/\",\"logo\":{\"@type\":\"ImageObject\",\"inLanguage\":\"fr-FR\",\"@id\":\"https:\/\/onity.gic.tn\/#\/schema\/logo\/image\/\",\"url\":\"https:\/\/onity.gic.tn\/wp-content\/uploads\/2023\/10\/logo_onity.png\",\"contentUrl\":\"https:\/\/onity.gic.tn\/wp-content\/uploads\/2023\/10\/logo_onity.png\",\"width\":300,\"height\":94,\"caption\":\"Onity\"},\"image\":{\"@id\":\"https:\/\/onity.gic.tn\/#\/schema\/logo\/image\/\"}}]}<\/script>\n<!-- \/ Yoast SEO plugin. -->","yoast_head_json":{"title":"Produit - Onity","robots":{"index":"index","follow":"follow","max-snippet":"max-snippet:-1","max-image-preview":"max-image-preview:large","max-video-preview":"max-video-preview:-1"},"canonical":"https:\/\/onity.gic.tn\/?page_id=4086","og_locale":"fr_FR","og_type":"article","og_title":"Produit - Onity","og_description":"Informations sur le produit Pour plus d&rsquo;informations sur les serrures Serene\u2122, effectuez une visite vid\u00e9o, t\u00e9l\u00e9chargez la fiche technique et la brochure, et prenez contact avec nous via notre formulaire de contact. Catalogue Onity_Brochure_FR DirectKey DirectKey_Brochure Fiche technique Onity_Serene_Data_Sheet_FR Vente et assistance Contactez-nous en ligne","og_url":"https:\/\/onity.gic.tn\/?page_id=4086","og_site_name":"Onity","article_modified_time":"2023-10-18T10:37:53+00:00","twitter_card":"summary_large_image","twitter_misc":{"Dur\u00e9e de lecture estim\u00e9e":"1 minute"},"schema":{"@context":"https:\/\/schema.org","@graph":[{"@type":"WebPage","@id":"https:\/\/onity.gic.tn\/?page_id=4086","url":"https:\/\/onity.gic.tn\/?page_id=4086","name":"Produit - Onity","isPartOf":{"@id":"https:\/\/onity.gic.tn\/#website"},"datePublished":"2020-02-26T09:29:50+00:00","dateModified":"2023-10-18T10:37:53+00:00","breadcrumb":{"@id":"https:\/\/onity.gic.tn\/?page_id=4086#breadcrumb"},"inLanguage":"fr-FR","potentialAction":[{"@type":"ReadAction","target":["https:\/\/onity.gic.tn\/?page_id=4086"]}]},{"@type":"BreadcrumbList","@id":"https:\/\/onity.gic.tn\/?page_id=4086#breadcrumb","itemListElement":[{"@type":"ListItem","position":1,"name":"Accueil","item":"https:\/\/onity.gic.tn\/"},{"@type":"ListItem","position":2,"name":"Produit"}]},{"@type":"WebSite","@id":"https:\/\/onity.gic.tn\/#website","url":"https:\/\/onity.gic.tn\/","name":"Onity","description":"","publisher":{"@id":"https:\/\/onity.gic.tn\/#organization"},"potentialAction":[{"@type":"SearchAction","target":{"@type":"EntryPoint","urlTemplate":"https:\/\/onity.gic.tn\/?s={search_term_string}"},"query-input":"required name=search_term_string"}],"inLanguage":"fr-FR"},{"@type":"Organization","@id":"https:\/\/onity.gic.tn\/#organization","name":"Onity","url":"https:\/\/onity.gic.tn\/","logo":{"@type":"ImageObject","inLanguage":"fr-FR","@id":"https:\/\/onity.gic.tn\/#\/schema\/logo\/image\/","url":"https:\/\/onity.gic.tn\/wp-content\/uploads\/2023\/10\/logo_onity.png","contentUrl":"https:\/\/onity.gic.tn\/wp-content\/uploads\/2023\/10\/logo_onity.png","width":300,"height":94,"caption":"Onity"},"image":{"@id":"https:\/\/onity.gic.tn\/#\/schema\/logo\/image\/"}}]}},"_links":{"self":[{"href":"https:\/\/onity.gic.tn\/index.php?rest_route=\/wp\/v2\/pages\/4086","targetHints":{"allow":["GET"]}}],"collection":[{"href":"https:\/\/onity.gic.tn\/index.php?rest_route=\/wp\/v2\/pages"}],"about":[{"href":"https:\/\/onity.gic.tn\/index.php?rest_route=\/wp\/v2\/types\/page"}],"author":[{"embeddable":true,"href":"https:\/\/onity.gic.tn\/index.php?rest_route=\/wp\/v2\/users\/1"}],"replies":[{"embeddable":true,"href":"https:\/\/onity.gic.tn\/index.php?rest_route=%2Fwp%2Fv2%2Fcomments&post=4086"}],"version-history":[{"count":31,"href":"https:\/\/onity.gic.tn\/index.php?rest_route=\/wp\/v2\/pages\/4086\/revisions"}],"predecessor-version":[{"id":14261,"href":"https:\/\/onity.gic.tn\/index.php?rest_route=\/wp\/v2\/pages\/4086\/revisions\/14261"}],"wp:attachment":[{"href":"https:\/\/onity.gic.tn\/index.php?rest_route=%2Fwp%2Fv2%2Fmedia&parent=4086"}],"curies":[{"name":"wp","href":"https:\/\/api.w.org\/{rel}","templated":true}]}}